{"id":110,"date":"2026-03-03T13:35:02","date_gmt":"2026-03-03T12:35:02","guid":{"rendered":"http:\/\/SlT3_Admin"},"modified":"2026-03-03T13:35:02","modified_gmt":"2026-03-03T12:35:02","slug":"universalschleifmaschinen","status":"publish","type":"page","link":"https:\/\/wema.xp-dt.net\/?page_id=110","title":{"rendered":"Universalschleifmaschinen"},"content":{"rendered":"<p>[vc_row el_id=\u201clocal-scroll-nav\u201d][vc_column css=\u201d.vc_custom_1613326510295{margin-bottom: 0px !important;}\u201d][vcex_navbar local_scroll=\u201ctrue\u201d button_style=\u201d\u201d sticky=\u201ctrue\u201d bottom_margin=\u201c0px\u201d menu=\u201c1127\u201d align=\u201cleft\u201d hover_animation=\u201cshadow\u201d color=\u201d#ffffff\u201d background=\u201c#dd7726\u201d hover_color=\u201c#333333\u201d hover_bg=\u201c#999999\u201d wrap_css=\u201d.vc_custom_1613989106736{border-top-width: 1px !impor\u00adtant;}\u201d sticky_endpoint=\u201d#footer\u201d font_size=\u201cd:1em|tp:0.75em|pl:0.5em\u201d][\/vc_column][\/vc_row][vc_row css=\u201d.vc_custom_1613982570154{margin-bottom: 2em !important;border-top-width: 6px !important;padding-top: 1em !important;padding-bottom: 1em !important;background-color: #efe\u00adfef !important;border-top-color: #dd7726 !important;border-top-style: sol\u00adid !impor\u00adtant;}\u201d local_scroll_id=\u201cintro\u201d][vc_column width=\u201c1\/6\u201d][vc_icon icon_fontawesome=\u201cfas fa-list-ul\u201d color=\u201ccustom\u201d background_style=\u201crounded-outline\u201d background_color=\u201ccustom\u201d size=\u201clg\u201d align=\u201ccenter\u201d css=\u201d.vc_custom_1613981530611{margin-top: 2em !impor\u00adtant;}\u201d custom_color=\u201c#dd7726\u201d custom_background_color=\u201c#dd7726\u201d][\/vc_column][vc_column width=\u201c5\/12\u201d css=\u201d.vc_custom_1613314635129{margin-bottom: 0px !important;}\u201d][vc_column_text]F\u00fcr kom\u00adplexere Auf\u00adgaben ist mit WEMA SU eine Uni\u00adver\u00adsalschleif\u00admas\u00adchine zur 4\u2011Seit\u00aden- Bear\u00adbeitung aller g\u00e4ngi\u00adgen Werk\u00adst\u00fcck\u00adgr\u00f6\u00dfen ver\u00adf\u00fcg\u00adbar. Die Mas\u00adchine ist mit vari\u00adabel best\u00fcck\u00adbaren Au\u00dfen- und Innen\u00adschleifein\u00adheit\u00aden aus\u00adges\u00adtat\u00adtet. Dadurch erm\u00f6glicht sie die Bear\u00adbeitung in nur ein\u00ader Auf\u00ads\u00adpan\u00adnung und liefert entschei\u00addende Effizienz- und Pr\u00e4zisionsvorteile.[\/vc_column_text][vc_column_text]Vielseitigkeit ist der Schl\u00fcs\u00adsel zu wichti\u00adgen Wet\u00adtbe\u00adwerb\u00adsvorteilen. Deshalb erlaubt es unsere Tech\u00adnik, selb\u00adst kom\u00adplex\u00adeste Abl\u00e4ufe in ein\u00ader Mas\u00adchine zu real\u00adisieren. Gle\u00adichzeit\u00adig erm\u00f6glichen unsere leis\u00adtungs\u00adf\u00e4hi\u00adgen Periph\u00ader\u00admod\u00adule eine flex\u00adi\u00adble Reak\u00adtion auf Ihre ganz spez\u00adi\u00adfis\u00adchen Pro\u00adduk\u00adtion\u00ads\u00adabl\u00e4ufe. So k\u00f6n\u00adnen Per\u00adson\u00adalkosten gesenkt und Fer\u00adti\u00adgungszeit\u00aden reduziert werden.[\/vc_column_text][\/vc_column][vc_column width=\u201c5\/12\u201d][vc_column_text]<\/p>\n<h3 style=\"text-align: left;\"><span style=\"color: #dd7726;\">Key Facts<\/span><\/h3>\n<ul>\n<li>4\u2011Seit\u00aden-Bear\u00adbeitung in ein\u00ader Auf\u00ads\u00adpan\u00adnung<\/li>\n<li>bis zu 3 Schwenkach\u00adsen<\/li>\n<li>Bear\u00adbeitung von Fut\u00adter- und wellen\u00adf\u00f6r\u00admi\u00adgen Teilen (L\u00fcnette)<\/li>\n<li>bis zu 4 ein\u00adset\u00adzbare Innen\u00adschleif\u00adspin\u00addeln (auf B2-Achse) und 3 Au\u00dfen\u00adschleifw\u00aderkzeuge (auf B3-Achse)<\/li>\n<li>Au\u00dfen\u00adschleif\u00adscheiben mit max\u00adi\u00admal 600 mm Durchmess\u00ader<\/li>\n<li>ver\u00adschieden\u00adste Optio\u00adnen m\u00f6glich (AE, Abricht\u00adspin\u00addeln, CBN uvm.)<\/li>\n<\/ul>\n<p>F\u00fcr <strong>#Zylin\u00adder #Kegel #Poly\u00adgone #Gewinde #Exzen\u00adter #Nuten<\/strong> und vieles mehr[\/vc_column_text][\/vc_column][\/vc_row][vc_row column_spacing=\u201c0px\u201d css=\u201d.vc_custom_1614592646418{margin-bottom: 1em !impor\u00adtant;}\u201d local_scroll_id=\u201cmodels\u201d][vc_column offset=\u201cvc_col-md\u20112 vc_hid\u00adden-sm vc_\u00adcol-xs-12 vc_hidden-xs\u201d][\/vc_column][vc_column typography_style=\u201cwhite\u201d width=\u201c1\/2\u201d offset=\u201cvc_col-md\u20115 vc_col-xs\u20116\u201d][vcex_teaser heading=\u201cWOTAN\u00ae S3U\u201d style=\u201cthree\u201d text_align=\u201ccenter\u201d image=\u201c4096\u201d css=\u201d.vc_custom_1614592672948{margin-top: 0px !important;margin-right: 0px !important;margin-bottom: 0px !important;margin-left: 0px !important;border-left-width: 1px !important;padding-top: 0px !important;padding-right: 0px !important;padding-bottom: 0px !important;padding-left: 0px !important;background-color: #006eab !important;border-left-color: #ffffff !important;border-left-style: sol\u00adid !impor\u00adtant;}\u201d url=\u201curl:https%3A%2F%2Fwema.xp-dt.net%2Fschleifmaschinen%2Funiversalschleifmaschinen%2Fs3u%2F|title:S3U\u201d heading_transform=\u201cnone\u201d heading_color=\u201d#ffffff\u201d content_margin=\u201ctop:0|right:0|bottom:0|left:0\u201d content_padding=\u201ctop:0|right:0|bottom:0|left:0\u201d image_alt=\u201cWOTAN\u00ae S3U\u201d content_font_weight=\u201c200\u201d background=\u201d#006eab\u201d heading_margin=\u201ctop:0|right:0|bottom:0|left:0\u201d hover_animation=\u201cshadow\u201d img_hover_style=\u201cgrayscale\u201d img_width=\u201c500\u201d img_height=\u201c250\u201d classes=\u201cteaser-content-minh2\u201d content_font_size=\u201cd:1em|tp:0.75em|pl:0.5em\u201d heading_size=\u201cd:1em|tp:0.75em|pl:0.6em\u201d]Universalschleifmaschine f\u00fcr kleine und mit\u00adtlere Bauteile zur effizien\u00adten und genauen Kom\u00adplet\u00adtbear\u00adbeitung in ein\u00ader Aufspannung[\/vcex_teaser][\/vc_column][vc_column typography_style=\u201cwhite\u201d width=\u201c1\/2\u201d css=\u201d.vc_custom_1614592786290{margin-bottom: 0px !impor\u00adtant;}\u201d offset=\u201cvc_col-md\u20115 vc_col-xs\u20116\u201d][vcex_teaser heading=\u201cWOTAN\u00ae S6U\u201d style=\u201cthree\u201d text_align=\u201ccenter\u201d image=\u201c3969\u201d css=\u201d.vc_custom_1708432347364{border-left-width: 1px !important;background-color: #006eab !important;border-left-color: #ffffff !important;border-left-style: sol\u00adid !impor\u00adtant;}\u201d url=\u201curl:https%3A%2F%2Fwema.xp-dt.net%2Fschleifmaschinen%2Funiversalschleifmaschinen%2Fs6u%2F|title:S6U\u201d heading_transform=\u201cnone\u201d heading_color=\u201d#ffffff\u201d heading_margin=\u201ctop:0|right:0|bottom:0|left:0\u201d content_margin=\u201ctop:0|right:0|bottom:0|left:0\u201d content_padding=\u201ctop:0|right:0|bottom:0|left:0\u201d hover_animation=\u201cshadow\u201d image_alt=\u201cWOTAN\u00ae S6U\u201d img_hover_style=\u201cgrayscale\u201d content_font_weight=\u201c200\u201d img_width=\u201c500\u201d img_height=\u201c250\u201d classes=\u201cteaser-content-minh2\u201d content_font_size=\u201cd:1em|tp:0.75em|pl:0.5em\u201d heading_size=\u201cd:1em|tp:0.75em|pl:0.6em\u201d]Universalschleifmaschine mit max\u00adi\u00admaler Flex\u00adi\u00adbil\u00adit\u00e4t f\u00fcr h\u00f6ch\u00adste Anspr\u00fcche bei der Kom\u00adplet\u00adtbear\u00adbeitung kom\u00adplex\u00ader Bauteile[\/vcex_teaser][\/vc_column][\/vc_row][vc_row css=\u201d.vc_custom_1613333410766{border-top-width: 1px !important;border-top-color: #999999 !important;border-top-style: dot\u00adted !impor\u00adtant;}\u201d local_scroll_id=\u201cspecs\u201d][vc_column width=\u201c1\/6\u201d offset=\u201cvc_col-xs\u20112\u201d][vc_single_image image=\u201c3272\u201d img_size=\u201c55x40\u201d alignment=\u201cright\u201d css=\u201d.vc_custom_1614157236237{padding-top: 1em !important;}\u201d][\/vc_column][vc_column width=\u201c5\/12\u201d offset=\u201cvc_col-xs\u20115\u201d][vc_column_text font_size=\u201c0.75em\u201d text_align=\u201ccenter\u201d]400 \/ 500 mm[\/vc_column_text][\/vc_column][vc_column width=\u201c5\/12\u201d offset=\u201cvc_col-xs\u20115\u201d][vc_column_text font_size=\u201c0.75em\u201d text_align=\u201ccenter\u201d]650 \/ 820 mm[\/vc_column_text][\/vc_column][\/vc_row][vc_row css=\u201d.vc_custom_1613310337980{border-top-width: 1px !important;border-top-color: #999999 !important;border-top-style: dot\u00adted !important;}\u201d][vc_column width=\u201c1\/6\u201d offset=\u201cvc_col-xs\u20112\u201d][vc_single_image image=\u201c3278\u201d img_size=\u201c55x40\u201d alignment=\u201cright\u201d css=\u201d.vc_custom_1613311402090{padding-top: 1em !important;}\u201d][\/vc_column][vc_column width=\u201c5\/12\u201d offset=\u201cvc_col-xs\u20115\u201d][vc_column_text font_size=\u201c0.75em\u201d text_align=\u201ccenter\u201d]400 \/ 1.000 mm[\/vc_column_text][\/vc_column][vc_column width=\u201c5\/12\u201d offset=\u201cvc_col-xs\u20115\u201d][vc_column_text font_size=\u201c0.75em\u201d text_align=\u201ccenter\u201d]1.450 \/ 2.950 \/ 3.200 mm[\/vc_column_text][\/vc_column][\/vc_row][vc_row css=\u201d.vc_custom_1613310337980{border-top-width: 1px !important;border-top-color: #999999 !important;border-top-style: dot\u00adted !important;}\u201d][vc_column width=\u201c1\/6\u201d offset=\u201cvc_col-xs\u20112\u201d][vc_single_image image=\u201c3275\u201d img_size=\u201c55x40\u201d alignment=\u201cright\u201d css=\u201d.vc_custom_1613311393520{padding-top: 1em !important;}\u201d][\/vc_column][vc_column width=\u201c5\/12\u201d offset=\u201cvc_col-xs\u20115\u201d][vc_column_text font_size=\u201c0.75em\u201d text_align=\u201ccenter\u201d]400 kg[\/vc_column_text][\/vc_column][vc_column width=\u201c5\/12\u201d offset=\u201cvc_col-xs\u20115\u201d][vc_column_text font_size=\u201c0.75em\u201d text_align=\u201ccenter\u201d]650 \/ 1.300 kg[\/vc_column_text][\/vc_column][\/vc_row][vc_row css=\u201d.vc_custom_1613310337980{border-top-width: 1px !important;border-top-color: #999999 !important;border-top-style: dot\u00adted !important;}\u201d][vc_column width=\u201c1\/6\u201d offset=\u201cvc_col-xs\u20112\u201d][vc_single_image image=\u201c3263\u201d img_size=\u201c55x40\u201d alignment=\u201cright\u201d css=\u201d.vc_custom_1613980022537{padding-top: 1em !important;}\u201d][\/vc_column][vc_column width=\u201c5\/12\u201d offset=\u201cvc_col-xs\u20115\u201d][vc_column_text font_size=\u201c0.75em\u201d text_align=\u201ccenter\u201d]350 mm[\/vc_column_text][\/vc_column][vc_column width=\u201c5\/12\u201d offset=\u201cvc_col-xs\u20115\u201d][vc_column_text font_size=\u201c0.75em\u201d text_align=\u201ccenter\u201d]650 mm[\/vc_column_text][\/vc_column][\/vc_row][vc_row css=\u201d.vc_custom_1613310337980{border-top-width: 1px !important;border-top-color: #999999 !important;border-top-style: dot\u00adted !important;}\u201d][vc_column width=\u201c1\/6\u201d offset=\u201cvc_col-xs\u20112\u201d][vc_single_image image=\u201c3260\u201d img_size=\u201c55x40\u201d alignment=\u201cright\u201d css=\u201d.vc_custom_1614158371484{padding-top: 1em !important;}\u201d][\/vc_column][vc_column width=\u201c5\/12\u201d offset=\u201cvc_col-xs\u20115\u201d][vc_column_text font_size=\u201c0.75em\u201d text_align=\u201ccenter\u201d]400 \/ 500 mm[\/vc_column_text][\/vc_column][vc_column width=\u201c5\/12\u201d offset=\u201cvc_col-xs\u20115\u201d][vc_column_text font_size=\u201c0.75em\u201d text_align=\u201ccenter\u201d]650 \/ 820 mm[\/vc_column_text][\/vc_column][\/vc_row][vc_row css=\u201d.vc_custom_1613310337980{border-top-width: 1px !important;border-top-color: #999999 !important;border-top-style: dot\u00adted !important;}\u201d][vc_column width=\u201c1\/6\u201d offset=\u201cvc_col-xs\u20112\u201d][vc_single_image image=\u201c3266\u201d img_size=\u201c55x40\u201d alignment=\u201cright\u201d css=\u201d.vc_custom_1613980049647{padding-top: 1em !important;}\u201d][\/vc_column][vc_column width=\u201c5\/12\u201d offset=\u201cvc_col-xs\u20115\u201d][vc_column_text font_size=\u201c0.75em\u201d text_align=\u201ccenter\u201d]400 \/ 500 mm[\/vc_column_text][\/vc_column][vc_column width=\u201c5\/12\u201d offset=\u201cvc_col-xs\u20115\u201d][vc_column_text font_size=\u201c0.75em\u201d text_align=\u201ccenter\u201d]1.200 mm[\/vc_column_text][\/vc_column][\/vc_row][vc_row css=\u201d.vc_custom_1613310337980{border-top-width: 1px !important;border-top-color: #999999 !important;border-top-style: dot\u00adted !important;}\u201d][vc_column width=\u201c1\/6\u201d offset=\u201cvc_col-xs\u20112\u201d][vc_single_image image=\u201c3285\u201d img_size=\u201c55x40\u201d alignment=\u201cright\u201d css=\u201d.vc_custom_1613311365152{padding-top: 1em !important;}\u201d][\/vc_column][vc_column width=\u201c5\/12\u201d offset=\u201cvc_col-xs\u20115\u201d][vc_column_text font_size=\u201c0.75em\u201d text_align=\u201ccenter\u201d]700 mm[\/vc_column_text][\/vc_column][vc_column width=\u201c5\/12\u201d offset=\u201cvc_col-xs\u20115\u201d][vc_column_text font_size=\u201c0.75em\u201d text_align=\u201ccenter\u201d]2.000 mm[\/vc_column_text][\/vc_column][\/vc_row][vc_row css=\u201d.vc_custom_1613310337980{border-top-width: 1px !important;border-top-color: #999999 !important;border-top-style: dot\u00adted !important;}\u201d][vc_column width=\u201c1\/6\u201d offset=\u201cvc_hidden-sm vc_\u00adcol-xs\u20112 vc_hidden-xs\u201d][vc_row_inner css=\u201d.vc_custom_1613323597969{margin: 0px !important;padding: 0px !important;}\u201d][vc_column_inner width=\u201c1\/2\u201d][vc_icon icon_fontawesome=\u201cfas fa-list\u201d color=\u201ccustom\u201d size=\u201csm\u201d align=\u201cright\u201d custom_color=\u201d#006eab\u201d][\/vc_column_inner][vc_column_inner width=\u201c1\/2\u201d][vc_icon icon_fontawesome=\u201cfas fa-slid\u00ader\u00ads\u2011h\u201d color=\u201ccustom\u201d size=\u201csm\u201d align=\u201cright\u201d custom_color=\u201d#006eab\u201d][\/vc_column_inner][\/vc_row_inner][\/vc_column][vc_column width=\u201c5\/12\u201d offset=\u201cvc_col-md-offset\u20110 vc_\u00adcol-sm-off\u00adset\u20112 vc_\u00adcol-xs-off\u00adset\u20112 vc_col-xs\u20115\u201d][vcex_button icon_left=\u201cticon ticon-cir\u00adcle\u201d icon_right=\u201cticon ticon-chevron-right\u201d url=\u201d\/s3u\/\u201d hover_animation=\u201cshadow\u201d style=\u201cflat\u201d css_wrap=\u201d.vc_custom_1614267686812{margin-top: 1em !impor\u00adtant;}\u201d align=\u201ccenter\u201d custom_hover_background=\u201c#dd7726\u201d font_size=\u201cd:1em|tp:0.75em|pl:0.5em\u201d]WOTAN\u00ae S3U[\/vcex_button][\/vc_column][vc_column width=\u201c5\/12\u201d offset=\u201cvc_col-xs\u20115\u201d][vcex_button icon_left=\u201cticon ticon-cir\u00adcle\u201d icon_right=\u201cticon ticon-chevron-right\u201d url=\u201d\/s6u\/\u201d hover_animation=\u201cshadow\u201d style=\u201cflat\u201d css_wrap=\u201d.vc_custom_1614267794966{margin-top: 1em !impor\u00adtant;}\u201d align=\u201ccenter\u201d custom_hover_background=\u201c#dd7726\u201d font_size=\u201cd:1em|tp:0.75em|pl:0.5em\u201d]WOTAN\u00ae S6U[\/vcex_button][\/vc_column][\/vc_row][vc_row css=\u201d.vc_custom_1613310337980{border-top-width: 1px !important;border-top-color: #999999 !important;border-top-style: dot\u00adted !important;}\u201d][vc_column width=\u201c1\/6\u201d offset=\u201cvc_col-xs\u20112\u201d][vc_icon icon_fontawesome=\u201cfar fa-file-pdf\u201d color=\u201ccustom\u201d align=\u201cright\u201d custom_color=\u201c#dd3333\u201d][\/vc_column][vc_column width=\u201c5\/12\u201d offset=\u201cvc_col-xs\u20115\u201d][vc_column_text css=\u201d.vc_custom_1613982036471{padding-top: 1em !impor\u00adtant;}\u201d font_size=\u201c0.75em\u201d text_align=\u201ccenter\u201d]<a href=\"https:\/\/wema.xp-dt.net\/wp-content\/uploads\/sites\/7\/2018\/03\/Produktblatt_WOTAN\u00ae_S3U.pdf\" target=\"_blank\" rel=\"noopener\">WOTAN\u00ae S3U \u00b7 PDF (546 KB)<\/a>[\/vc_column_text][\/vc_column][vc_column width=\u201c5\/12\u201d offset=\u201cvc_col-xs\u20115\u201d][vc_column_text css=\u201d.vc_custom_1613982170314{padding-top: 1em !impor\u00adtant;}\u201d font_size=\u201c0.75em\u201d text_align=\u201ccenter\u201d]<a href=\"https:\/\/wema.xp-dt.net\/wp-content\/uploads\/sites\/7\/2018\/03\/Produktblatt_WOTAN_S6U.pdf\" target=\"_blank\" rel=\"noopener\">WOTAN\u00ae S6U \u00b7 PDF (639 KB)<\/a>[\/vc_column_text][\/vc_column][\/vc_row][vc_row css=\u201d.vc_custom_1613336639264{margin-top: 5em !important;margin-bottom: 0px !important;padding-top: 1em !important;padding-bottom: 1em !important;background-color: #666666 !impor\u00adtant;}\u201d local_scroll_id=\u201coptions\u201d][vc_column width=\u201c1\/6\u201d][vc_icon icon_fontawesome=\u201cfas fa-slid\u00ader\u00ads\u2011h\u201d color=\u201ccustom\u201d background_style=\u201crounded-outline\u201d background_color=\u201ccustom\u201d size=\u201clg\u201d align=\u201ccenter\u201d css=\u201d.vc_custom_1613982213653{margin-top: 2em !impor\u00adtant;}\u201d custom_color=\u201c#dd7726\u201d custom_background_color=\u201c#dd7726\u201d][\/vc_column][vc_column typography_style=\u201cwhite\u201d width=\u201c5\/6\u201d css=\u201d.vc_custom_1613309509819{margin-bottom: 0px !important;}\u201d][vc_column_text]<\/p>\n<h2>Optionen<\/h2>\n<ul>\n<li>Revolver\u00adspin\u00addel\u00adstock \/ Rundtisch mit bis zu 4 Innen\u00adschleif\u00adspin\u00addeln<\/li>\n<li>fest\u00adste\u00adhende Au\u00dfen\u00adschleifein\u00adheit&nbsp;mit ein\u00ader Schleif\u00adscheibe (30\u00b0, 45\u00b0 oder&nbsp;90\u00b0 zur Werk\u00adst\u00fcck\u00adachse) oder Revolver mit bis zu 3 Schleif\u00adscheiben<\/li>\n<li>Werk\u00adst\u00fcck\u00adspin\u00addel\u00adstock mit B\u2011Achse<\/li>\n<li>hydro\u00adsta\u00adtis\u00adche Werk\u00adst\u00fcck\u00adspin\u00addel<\/li>\n<li>Werk\u00adst\u00fcck\u00adspin\u00addel mit hochau\u00adfl\u00f6sender C\u2011Achse<\/li>\n<li>Messtaster zur Nullpunk\u00adtmes\u00adsung<\/li>\n<li>fest\u00adste\u00adhende und\/ oder angetriebene&nbsp;Abrichtwerkzeuge<\/li>\n<li>Werkzeug\u00adwech\u00adsel\u00adsys\u00adtem<\/li>\n<li>Pre-Prozess-Mes\u00adsung (Lage des Teils erken\u00adnen und Nullpunkt set\u00adzen)<\/li>\n<li>In-Prozess-Mes\u00adsung (\u00f8 w\u00e4hrend des Schleifens messen und&nbsp;Regeln)<\/li>\n<li>Post-Prozess-Mes\u00adsung (\u00f8 ermit\u00adteln, Abst\u00e4nde pr\u00fcfen, neuen Nullpunkt set\u00adzen&nbsp;usw.)<\/li>\n<li>K\u00fchlmit\u00adte\u00adlauf\u00adbere\u00aditung<\/li>\n<li>Absaugun\u00adgen<\/li>\n<li>Motork\u00fch\u00adlung<\/li>\n<li>Fer\u00adn\u00adwartung<\/li>\n<li>uvm.<\/li>\n<\/ul>\n<p>[\/vc_column_text][\/vc_column][\/vc_row][vc_row gap=\u201c25\u201d equal_height=\u201cyes\u201d remove_bottom_col_margin=\u201ctrue\u201d typography_style=\u201cwhite\u201d css=\u201d.vc_custom_1613982597376{margin-bottom: 2em !important;border-bottom-width: 6px !important;padding-right: 1em !important;padding-bottom: 2em !important;padding-left: 1em !important;border-bottom-color: #dd7726 !important;border-bottom-style: sol\u00adid !impor\u00adtant;}\u201d local_scroll_id=\u201cservice\u201d][vc_column width=\u201c1\/3\u201d offset=\u201cvc_col-md\u20112 vc_\u00adcol-sm-off\u00adset\u20110 vc_\u00adcol-xs-off\u00adset\u20113 vc_\u00adcol-xs\u20116\u201d css=\u201d.vc_custom_1613745045093{margin-top: 2em !important;background-color: #666666 !important;}\u201d][vcex_icon_box heading=\u201cFinanzierung\u201d style=\u201ctwo\u201d heading_type=\u201ch4\u201d icon=\u201cticon ticon-uni\u00adver\u00adsi\u00adty\u201d url_wrap=\u201ctrue\u201d url=\u201chttps:\/\/wema.xp-dt.net\/schleifmaschinen\/finanzierung\/\u201d shadow_hover=\u201cshadow-none\u201d css=\u201d.vc_custom_1613982260900{padding-top: 2em !impor\u00adtant;}\u201d heading_color=\u201c#dd7726\u201d icon_color=\u201d#ffffff\u201d icon_bottom_margin=\u201c0\u201d icon_size=\u201c3em\u201d heading_size=\u201cd:1em|tp:0.75em|pl:0.6em\u201d][\/vcex_icon_box][\/vc_column][vc_column width=\u201c1\/3\u201d offset=\u201cvc_col-md\u20112 vc_\u00adcol-sm-off\u00adset\u20110 vc_\u00adcol-xs-off\u00adset\u20113 vc_\u00adcol-xs\u20116\u201d css=\u201d.vc_custom_1613745017223{margin-top: 2em !important;background-color: #666666 !important;}\u201d][vcex_icon_box heading=\u201cSonderl\u00f6sungen\u201d style=\u201ctwo\u201d heading_type=\u201ch4\u201d icon=\u201cticon ticon-aster\u00adisk\u201d url_wrap=\u201ctrue\u201d url=\u201chttps:\/\/wema.xp-dt.net\/schleifmaschinen\/sonderloesungen\/\u201d shadow_hover=\u201cshadow-none\u201d css=\u201d.vc_custom_1613982279560{padding-top: 2em !impor\u00adtant;}\u201d heading_color=\u201c#dd7726\u201d icon_color=\u201d#ffffff\u201d icon_bottom_margin=\u201c0\u201d icon_size=\u201c3em\u201d heading_size=\u201cd:1em|tp:0.75em|pl:0.6em\u201d][\/vcex_icon_box][\/vc_column][vc_column width=\u201c1\/3\u201d css=\u201d.vc_custom_1613744900544{margin-top: 2em !important;background-color: #666666 !impor\u00adtant;}\u201d offset=\u201cvc_col-md\u20112 vc_\u00adcol-sm-off\u00adset\u20110 vc_\u00adcol-xs-off\u00adset\u20113 vc_col-xs\u20116\u201d][vcex_icon_box heading=\u201cService\u201d style=\u201ctwo\u201d heading_type=\u201ch4\u201d icon=\u201cticon ticon-hand\u00adshake\u2011o\u201d url_wrap=\u201ctrue\u201d url=\u201chttps:\/\/wema.xp-dt.net\/service\/\u201d shadow_hover=\u201cshadow-none\u201d css=\u201d.vc_custom_1613982303248{padding-top: 2em !impor\u00adtant;}\u201d heading_color=\u201c#dd7726\u201d icon_color=\u201d#ffffff\u201d icon_bottom_margin=\u201c0\u201d icon_size=\u201c3em\u201d heading_size=\u201cd:1em|tp:0.75em|pl:0.6em\u201d][\/vcex_icon_box][\/vc_column][vc_column offset=\u201cvc_col-md\u20116 vc_\u00adcol-xs-12\u201d css=\u201d.vc_custom_1613334391965{margin-top: 2em !important;}\u201d][vc_row_inner equal_height=\u201cyes\u201d][vc_column_inner width=\u201c1\/3\u201d offset=\u201cvc_col-xs\u20113\u201d css=\u201d.vc_custom_1613334792557{padding-top: 0px !important;padding-right: 0px !important;padding-bottom: 0px !important;padding-left: 0px !important;}\u201d][vc_single_image image=\u201c3358\u201d img_hover=\u201cgrayscale-invert\u201d][\/vc_column_inner][vc_column_inner width=\u201c2\/3\u201d offset=\u201cvc_col-xs\u20119\u201d css=\u201d.vc_custom_1613744738553{background-color: #666666 !important;}\u201d][vc_column_text css=\u201d\u201d font_size=\u201cd:1em|tp:0.75em|pl:0.6em\u201d line_height=\u201c1.5em\u201d]<span style=\"font-size: 1em;\">WIR BEANTWORTEN IHRE FRAGEN:<\/span><\/p>\n<p><span style=\"font-size: 1em; font-weight: 600; color: #dd7726;\">Steve Boden\u00adschatz<\/span><br>\n<i class=\"fa fa-phone fa-fw\"><\/i> <a href=\"tel:0049376361340\">+ 49 3763 61\u2013340<\/a><\/p>\n<p><span style=\"font-size: 1em; font-weight: 600; color: #dd7726;\">Evge\u00adnia Surskaya<\/span><br>\n<i class=\"fa fa-phone fa-fw\"><\/i> <a href=\"tel:0049376361345\">+ 49 3763 61\u2013345<\/a><\/p>\n<p><span style=\"font-size: 1em; font-weight: 600;\"><span style=\"color: #dd7726;\">Sergej Juri\u00adnow<\/span><br>\n<\/span><i class=\"fa fa-phone fa-fw\"><\/i> <a href=\"tel:0049376361330\">+ 49 3763 61\u2013330<\/a><\/p>\n<p><i class=\"fa fa-envelope-o fa-fw\"><\/i>&nbsp;<a href=\"mailto:sales.wema@nshgroup.com\">sales.wema@nshgroup.com<\/a>[\/vc_column_text][\/vc_column_inner][\/vc_row_inner][\/vc_column][\/vc_row][vc_row css=\u201d.vc_custom_1613745123629{margin-bottom: 5em !important;padding-top: 5em !important;}\u201d][vc_column][vcex_navbar button_style=\u201cflat\u201d menu=\u201c10\u201d align=\u201ccenter\u201d hover_animation=\u201cshadow\u201d color=\u201d#ffffff\u201d background=\u201c#999999\u201d hover_color=\u201d#ffffff\u201d hover_bg=\u201c#dd7726\u201d font_size=\u201cd:1em|tp:0.75em|pl:0.5em\u201d][\/vc_column][\/vc_row]<\/p>\n","protected":false},"excerpt":{"rendered":"<p>[vc_row el_id=\u201clocal-scroll-nav\u201d][vc_column css=\u201d.vc_custom_1613326510295{margin-bottom: 0px !important;}\u201d][vcex_navbar local_scroll=\u201ctrue\u201d button_style=\u201d\u201d sticky=\u201ctrue\u201d bottom_margin=\u201c0px\u201d menu=\u201c1127\u201d align=\u201cleft\u201d hover_animation=\u201cshadow\u201d color=\u201d#ffffff\u201d background=\u201c#dd7726\u201d hover_color=\u201c#333333\u201d hover_bg=\u201c#999999\u201d wrap_css=\u201d.vc_custom_1613989106736{border-top-width: 1px !impor\u00adtant;}\u201d sticky_endpoint=\u201d#footer\u201d font_size=\u201cd:1em|tp:0.75em|pl:0.5em\u201d][\/vc_column][\/vc_row][vc_row css=\u201d.vc_custom_1613982570154{margin-bottom: 2em !important;border-top-width: 6px !important;padding-top: 1em !important;padding-bottom: 1em !important;background-color: #efe\u00adfef !important;border-top-color: #dd7726 !important;border-top-style: sol\u00adid !impor\u00adtant;}\u201d local_scroll_id=\u201cintro\u201d][vc_column width=\u201c1\/6\u201d][vc_icon icon_fontawesome=\u201cfas fa-list-ul\u201d color=\u201ccustom\u201d background_style=\u201crounded-outline\u201d background_color=\u201ccustom\u201d size=\u201clg\u201d align=\u201ccenter\u201d css=\u201d.vc_custom_1613981530611{margin-top: 2em !impor\u00adtant;}\u201d custom_color=\u201c#dd7726\u201d custom_background_color=\u201c#dd7726\u201d][\/vc_column][vc_column width=\u201c5\/12\u201d css=\u201d.vc_custom_1613314635129{margin-bottom: 0px !important;}\u201d][vc_column_text]F\u00fcr kom\u00adplexere [\u2026]<\/p>\n","protected":false},"author":1,"featured_media":0,"parent":0,"menu_order":0,"comment_status":"closed","ping_status":"closed","template":"","meta":{"_acf_changed":false,"inline_featured_image":false,"wp_typography_post_enhancements_disabled":false,"footnotes":""},"schleifverfahren":[],"class_list":["post-110","page","type-page","status-publish","hentry"],"acf":[],"_links":{"self":[{"href":"https:\/\/wema.xp-dt.net\/index.php?rest_route=\/wp\/v2\/pages\/110","targetHints":{"allow":["GET"]}}],"collection":[{"href":"https:\/\/wema.xp-dt.net\/index.php?rest_route=\/wp\/v2\/pages"}],"about":[{"href":"https:\/\/wema.xp-dt.net\/index.php?rest_route=\/wp\/v2\/types\/page"}],"author":[{"embeddable":true,"href":"https:\/\/wema.xp-dt.net\/index.php?rest_route=\/wp\/v2\/users\/1"}],"replies":[{"embeddable":true,"href":"https:\/\/wema.xp-dt.net\/index.php?rest_route=%2Fwp%2Fv2%2Fcomments&post=110"}],"version-history":[{"count":0,"href":"https:\/\/wema.xp-dt.net\/index.php?rest_route=\/wp\/v2\/pages\/110\/revisions"}],"wp:attachment":[{"href":"https:\/\/wema.xp-dt.net\/index.php?rest_route=%2Fwp%2Fv2%2Fmedia&parent=110"}],"wp:term":[{"taxonomy":"schleifverfahren","embeddable":true,"href":"https:\/\/wema.xp-dt.net\/index.php?rest_route=%2Fwp%2Fv2%2Fschleifverfahren&post=110"}],"curies":[{"name":"wp","href":"https:\/\/api.w.org\/{rel}","templated":true}]}}